{"id":2204,"date":"2019-12-25T09:03:56","date_gmt":"2019-12-25T09:03:56","guid":{"rendered":"https:\/\/caards.codesupply.co\/caards\/?page_id=2204"},"modified":"2019-12-25T09:03:56","modified_gmt":"2019-12-25T09:03:56","slug":"blocks","status":"publish","type":"page","link":"https:\/\/lamarinabj.com\/index.php\/blocks\/","title":{"rendered":"Blocks"},"content":{"rendered":"","protected":false},"excerpt":{"rendered":"","protected":false},"author":1,"featured_media":0,"parent":0,"menu_order":0,"comment_status":"closed","ping_status":"closed","template":"","meta":{"csco_singular_sidebar":"default","csco_page_header_type":"default","csco_appearance_masonry":"","csco_page_load_nextpost":"","csco_post_video_location":[],"csco_post_video_location_hash":"","csco_post_video_url":"","csco_post_video_bg_start_time":0,"csco_post_video_bg_end_time":0,"footnotes":""},"class_list":{"0":"post-2204","1":"page","2":"type-page","3":"status-publish","5":"cs-entry","6":"cs-video-wrap"},"yoast_head":"<!-- This site is optimized with the Yoast SEO plugin v26.9 - https:\/\/yoast.com\/product\/yoast-seo-wordpress\/ -->\n<title>Blocks - LA MARINA BJ<\/title>\n<meta name=\"robots\" content=\"index, follow, max-snippet:-1, max-image-preview:large, max-video-preview:-1\" \/>\n<link rel=\"canonical\" href=\"https:\/\/lamarinabj.com\/index.php\/blocks\/\" \/>\n<meta property=\"og:locale\" content=\"fr_FR\" \/>\n<meta property=\"og:type\" content=\"article\" \/>\n<meta property=\"og:title\" content=\"Blocks - LA MARINA BJ\" \/>\n<meta property=\"og:url\" content=\"https:\/\/lamarinabj.com\/index.php\/blocks\/\" \/>\n<meta property=\"og:site_name\" content=\"LA MARINA BJ\" \/>\n<meta name=\"twitter:card\" content=\"summary_large_image\" \/>\n<script type=\"application\/ld+json\" class=\"yoast-schema-graph\">{\"@context\":\"https:\/\/schema.org\",\"@graph\":[{\"@type\":\"WebPage\",\"@id\":\"https:\/\/lamarinabj.com\/index.php\/blocks\/\",\"url\":\"https:\/\/lamarinabj.com\/index.php\/blocks\/\",\"name\":\"Blocks - LA MARINA BJ\",\"isPartOf\":{\"@id\":\"https:\/\/lamarinabj.com\/#website\"},\"datePublished\":\"2019-12-25T09:03:56+00:00\",\"breadcrumb\":{\"@id\":\"https:\/\/lamarinabj.com\/index.php\/blocks\/#breadcrumb\"},\"inLanguage\":\"fr-FR\",\"potentialAction\":[{\"@type\":\"ReadAction\",\"target\":[\"https:\/\/lamarinabj.com\/index.php\/blocks\/\"]}]},{\"@type\":\"BreadcrumbList\",\"@id\":\"https:\/\/lamarinabj.com\/index.php\/blocks\/#breadcrumb\",\"itemListElement\":[{\"@type\":\"ListItem\",\"position\":1,\"name\":\"Accueil\",\"item\":\"https:\/\/lamarinabj.com\/\"},{\"@type\":\"ListItem\",\"position\":2,\"name\":\"Blocks\"}]},{\"@type\":\"WebSite\",\"@id\":\"https:\/\/lamarinabj.com\/#website\",\"url\":\"https:\/\/lamarinabj.com\/\",\"name\":\"LA MARINA BJ\",\"description\":\"Votre portail vers l&#039;information strat\u00e9gique au B\u00e9nin, en Afrique et au-del\u00e0\",\"potentialAction\":[{\"@type\":\"SearchAction\",\"target\":{\"@type\":\"EntryPoint\",\"urlTemplate\":\"https:\/\/lamarinabj.com\/?s={search_term_string}\"},\"query-input\":{\"@type\":\"PropertyValueSpecification\",\"valueRequired\":true,\"valueName\":\"search_term_string\"}}],\"inLanguage\":\"fr-FR\"}]}<\/script>\n<!-- \/ Yoast SEO plugin. -->","yoast_head_json":{"title":"Blocks - LA MARINA BJ","robots":{"index":"index","follow":"follow","max-snippet":"max-snippet:-1","max-image-preview":"max-image-preview:large","max-video-preview":"max-video-preview:-1"},"canonical":"https:\/\/lamarinabj.com\/index.php\/blocks\/","og_locale":"fr_FR","og_type":"article","og_title":"Blocks - LA MARINA BJ","og_url":"https:\/\/lamarinabj.com\/index.php\/blocks\/","og_site_name":"LA MARINA BJ","twitter_card":"summary_large_image","schema":{"@context":"https:\/\/schema.org","@graph":[{"@type":"WebPage","@id":"https:\/\/lamarinabj.com\/index.php\/blocks\/","url":"https:\/\/lamarinabj.com\/index.php\/blocks\/","name":"Blocks - LA MARINA BJ","isPartOf":{"@id":"https:\/\/lamarinabj.com\/#website"},"datePublished":"2019-12-25T09:03:56+00:00","breadcrumb":{"@id":"https:\/\/lamarinabj.com\/index.php\/blocks\/#breadcrumb"},"inLanguage":"fr-FR","potentialAction":[{"@type":"ReadAction","target":["https:\/\/lamarinabj.com\/index.php\/blocks\/"]}]},{"@type":"BreadcrumbList","@id":"https:\/\/lamarinabj.com\/index.php\/blocks\/#breadcrumb","itemListElement":[{"@type":"ListItem","position":1,"name":"Accueil","item":"https:\/\/lamarinabj.com\/"},{"@type":"ListItem","position":2,"name":"Blocks"}]},{"@type":"WebSite","@id":"https:\/\/lamarinabj.com\/#website","url":"https:\/\/lamarinabj.com\/","name":"LA MARINA BJ","description":"Votre portail vers l&#039;information strat\u00e9gique au B\u00e9nin, en Afrique et au-del\u00e0","potentialAction":[{"@type":"SearchAction","target":{"@type":"EntryPoint","urlTemplate":"https:\/\/lamarinabj.com\/?s={search_term_string}"},"query-input":{"@type":"PropertyValueSpecification","valueRequired":true,"valueName":"search_term_string"}}],"inLanguage":"fr-FR"}]}},"_links":{"self":[{"href":"https:\/\/lamarinabj.com\/index.php\/wp-json\/wp\/v2\/pages\/2204","targetHints":{"allow":["GET"]}}],"collection":[{"href":"https:\/\/lamarinabj.com\/index.php\/wp-json\/wp\/v2\/pages"}],"about":[{"href":"https:\/\/lamarinabj.com\/index.php\/wp-json\/wp\/v2\/types\/page"}],"author":[{"embeddable":true,"href":"https:\/\/lamarinabj.com\/index.php\/wp-json\/wp\/v2\/users\/1"}],"replies":[{"embeddable":true,"href":"https:\/\/lamarinabj.com\/index.php\/wp-json\/wp\/v2\/comments?post=2204"}],"version-history":[{"count":0,"href":"https:\/\/lamarinabj.com\/index.php\/wp-json\/wp\/v2\/pages\/2204\/revisions"}],"wp:attachment":[{"href":"https:\/\/lamarinabj.com\/index.php\/wp-json\/wp\/v2\/media?parent=2204"}],"curies":[{"name":"wp","href":"https:\/\/api.w.org\/{rel}","templated":true}]}}