{"id":2211,"date":"2019-12-25T09:08:25","date_gmt":"2019-12-25T09:08:25","guid":{"rendered":"https:\/\/caards.codesupply.co\/caards\/?page_id=2211"},"modified":"2019-12-25T09:08:25","modified_gmt":"2019-12-25T09:08:25","slug":"author","status":"publish","type":"page","link":"https:\/\/lamarinabj.com\/index.php\/blocks\/author\/","title":{"rendered":"Author"},"content":{"rendered":"\n<div class=\"cnvs-block-alert cnvs-block-alert-1564574255088 is-style-cnvs-block-alert-warning\" >\n\t<div class=\"cnvs-block-alert-inner\">\n\t\t\n\n<h6 id=\"please-note\" class=\"wp-block-heading\">Please Note<\/h6>\n\n\n\n<p>You need to install and activate <a href=\"https:\/\/wordpress.org\/plugins\/powerkit\/\">Powerkit<\/a> and <a href=\"https:\/\/wordpress.org\/plugins\/canvas\/\">Canvas<\/a> to make this feature work.<\/p>\n\n\t<\/div>\n\t<\/div>\n\n\n\n<h2 id=\"simple\" class=\"is-style-default wp-block-heading\">Simple<\/h2>\n\n\n\n<div class=\"cnvs-block-row cnvs-block-row-1564574271321 cnvs-block-row-columns-2\" >\n\t<div class=\"cnvs-block-row-inner\">\n\t\t\n\n<div class=\"cnvs-block-column cnvs-block-column-1564574271364\" >\n\t<div class=\"cnvs-block-column-inner\">\n\t\t<div>\n\t\t\t\n\n<div class=\"wp-block-group is-style-cnvs-block-bg-light\"><div class=\"wp-block-group__inner-container is-layout-flow wp-block-group-is-layout-flow\"><div class=\"cnvs-block-author cnvs-block-author-1564574276138\" >\t\t<div class=\"widget-body\">\n\t\t\t<div class=\"pk-widget-author\">\n\t\t\t\t\n\t\t\t\t<div class=\"pk-widget-author-container\">\n\t\t\t\t\t\n\t\t\t\t\t\n\t\t\t\t\t<h5 id=\"thibaut\" class=\"pk-author-title\">\n\t\t\t\t\t\t<a href=\"https:\/\/lamarinabj.com\/index.php\/author\/thibaut\/\" rel=\"author\">\n\t\t\t\t\t\t\tThibaut\t\t\t\t\t\t<\/a>\n\t\t\t\t\t<\/h5>\n\n\t\t\t\t\t\t\t\t\t\t\t<div class=\"pk-author-avatar\">\n\t\t\t\t\t\t\t<a href=\"https:\/\/lamarinabj.com\/index.php\/author\/thibaut\/\" rel=\"author\">\n\t\t\t\t\t\t\t\t<img alt='' src='https:\/\/secure.gravatar.com\/avatar\/0117500df811f8ad24ed7000dffa7f81dcc94b076a7bfc01b72f6382fab99cc6?s=80&#038;d=mm&#038;r=g' srcset='https:\/\/secure.gravatar.com\/avatar\/0117500df811f8ad24ed7000dffa7f81dcc94b076a7bfc01b72f6382fab99cc6?s=160&#038;d=mm&#038;r=g 2x' class='avatar avatar-80 photo' height='80' width='80' \/>\t\t\t\t\t\t\t<\/a>\n\t\t\t\t\t\t<\/div>\n\t\t\t\t\t\n\t\t\t\t\t<div class=\"pk-author-data\">\n\t\t\t\t\t\t\n\t\t\t\t\t\t\t\t\t\t\t<\/div>\n\t\t\t\t<\/div>\n\t\t\t<\/div>\n\t\t<\/div>\n\t<\/div><\/div><\/div>\n\n\t\t<\/div>\n\t<\/div>\n<\/div>\n\n\n\n<div class=\"cnvs-block-column cnvs-block-column-1564574271422\" >\n\t<div class=\"cnvs-block-column-inner\">\n\t\t<div>\n\t\t\t\n\n<p> Nec nascetur mus vici. Dolor rhoncus augue quisque parturient etiam imperdiet sit nisi tellus veni faucibus orci. Imperdiet venenatis nec odio ac nullam rhoncus curabitur montes dapibus sem eu ante. <\/p>\n\n\n\n<p>Condimentum a nec. Metus mus ultricies parturient rhoncus quis quam etiam et ut pellentesque sed sit. Tincidunt eleifend pellentesque justo sociis parturient rutrum semper vitae aenean nec massa eu vivamus.<\/p>\n\n\t\t<\/div>\n\t<\/div>\n<\/div>\n\n\t<\/div>\n<\/div>\n\n\n\n<h2 id=\"with-background\" class=\"wp-block-heading\">With Background<\/h2>\n\n\n\n<div class=\"cnvs-block-row cnvs-block-row-1564574368825 cnvs-block-row-columns-2\" >\n\t<div class=\"cnvs-block-row-inner\">\n\t\t\n\n<div class=\"cnvs-block-column cnvs-block-column-1564574368878\" >\n\t<div class=\"cnvs-block-column-inner\">\n\t\t<div>\n\t\t\t\n<div class=\"cnvs-block-author cnvs-block-author-1564574376643\" >\t\t<div class=\"widget-body\">\n\t\t\t<div class=\"pk-widget-author pk-widget-author-with-bg\">\n\t\t\t\t\t\t\t\t\t<div class=\"pk-widget-author-bg\">\n\t\t\t\t\t\t\t\t\t\t\t<\/div>\n\t\t\t\t\n\t\t\t\t<div class=\"pk-widget-author-container pk-bg-overlay\">\n\t\t\t\t\t\n\t\t\t\t\t\n\t\t\t\t\t<h5 id=\"thibaut-2\" class=\"pk-author-title\">\n\t\t\t\t\t\t<a href=\"https:\/\/lamarinabj.com\/index.php\/author\/thibaut\/\" rel=\"author\">\n\t\t\t\t\t\t\tThibaut\t\t\t\t\t\t<\/a>\n\t\t\t\t\t<\/h5>\n\n\t\t\t\t\t\t\t\t\t\t\t<div class=\"pk-author-avatar\">\n\t\t\t\t\t\t\t<a href=\"https:\/\/lamarinabj.com\/index.php\/author\/thibaut\/\" rel=\"author\">\n\t\t\t\t\t\t\t\t<img alt='' src='https:\/\/secure.gravatar.com\/avatar\/0117500df811f8ad24ed7000dffa7f81dcc94b076a7bfc01b72f6382fab99cc6?s=80&#038;d=mm&#038;r=g' srcset='https:\/\/secure.gravatar.com\/avatar\/0117500df811f8ad24ed7000dffa7f81dcc94b076a7bfc01b72f6382fab99cc6?s=160&#038;d=mm&#038;r=g 2x' class='avatar avatar-80 photo' height='80' width='80' \/>\t\t\t\t\t\t\t<\/a>\n\t\t\t\t\t\t<\/div>\n\t\t\t\t\t\n\t\t\t\t\t<div class=\"pk-author-data\">\n\t\t\t\t\t\t\n\t\t\t\t\t\t\t\t\t\t\t<\/div>\n\t\t\t\t<\/div>\n\t\t\t<\/div>\n\t\t<\/div>\n\t<\/div>\n\t\t<\/div>\n\t<\/div>\n<\/div>\n\n\n\n<div class=\"cnvs-block-column cnvs-block-column-1564574368926\" >\n\t<div class=\"cnvs-block-column-inner\">\n\t\t<div>\n\t\t\t\n\n<p> Metus curabitur ullamcorper dolor dapibus sapien quis vitae a nullam cras cum eget sem. Ut leo felis eu consectetuer donec cras nullam magnis nulla luctus. <\/p>\n\n\n\n<p>Blandit vidi et aliquet quis eu nec commodo id ultricies ridiculus dapibus luctus.\u00a0Imperdiet nulla nisi quis viverra id consectetuer nec aenean semper porttitor sed. Pulvinar semper quis enim tincidunt viverra. <\/p>\n\n\t\t<\/div>\n\t<\/div>\n<\/div>\n\n\t<\/div>\n<\/div>\n\n\n\n<h2 id=\"contributors-simple\" class=\"wp-block-heading\">Contributors Simple<\/h2>\n\n\n\n<div class=\"cnvs-block-row cnvs-block-row-1564574539824 cnvs-block-row-columns-2\" >\n\t<div class=\"cnvs-block-row-inner\">\n\t\t\n\n<div class=\"cnvs-block-column cnvs-block-column-1564574539858\" >\n\t<div class=\"cnvs-block-column-inner\">\n\t\t<div>\n\t\t\t\n\n<div class=\"wp-block-group is-style-cnvs-block-bg-light\"><div class=\"wp-block-group__inner-container is-layout-flow wp-block-group-is-layout-flow\"><div class=\"cnvs-block-contributors cnvs-block-contributors-1564574546659\" >\t\t<div class=\"widget-body\">\n\t\t\t\t\t\t\t<div class=\"pk-widget-contributors\">\n\t\t\t\t\t\t\t\t\t\t\t\t<div class=\"pk-author-item\">\n\t\t\t\t\t\t\t\t\t\t\t\t\t\t\t\t\t<div class=\"pk-author-avatar\">\n\t\t\t\t\t\t\t\t\t\t<a href=\"https:\/\/lamarinabj.com\/index.php\/author\/simahou\/\" rel=\"author\">\n\t\t\t\t\t\t\t\t\t\t\t<img alt='' src='https:\/\/secure.gravatar.com\/avatar\/b56740eda81210101c8acebdd7c5c7db1bd0ab57f63df607996683fa153ff0d0?s=80&#038;d=mm&#038;r=g' srcset='https:\/\/secure.gravatar.com\/avatar\/b56740eda81210101c8acebdd7c5c7db1bd0ab57f63df607996683fa153ff0d0?s=160&#038;d=mm&#038;r=g 2x' class='avatar avatar-80 photo' height='80' width='80' \/>\t\t\t\t\t\t\t\t\t\t<\/a>\n\t\t\t\t\t\t\t\t\t<\/div>\n\t\t\t\t\t\t\t\t\t\t\t\t\t\t\t\t<div class=\"pk-author-data\">\n\t\t\t\t\t\t\t\t\t\n\t\t\t\t\t\t\t\t\t<h6 id=\"la-marina-bj-team-veille-projets-publics\" class=\"author-name\">\n\t\t\t\t\t\t\t\t\t\t<a href=\"https:\/\/lamarinabj.com\/index.php\/author\/simahou\/\" rel=\"author\">\n\t\t\t\t\t\t\t\t\t\t\tLa Marina BJ &#8211; Team Veille &amp; Projets publics\t\t\t\t\t\t\t\t\t\t<\/a>\n\t\t\t\t\t\t\t\t\t<\/h6>\n\n\t\t\t\t\t\t\t\t\t\t\t\t\t\t\t\t\t\t\t<div class=\"author-description pk-color-secondary\">\n\t\t\t\t\t\t\t\t\t\t\tLa Team Veille &amp; Projets publics de La Marina BJ est d\u00e9di\u00e9e \u00e0 la&hellip;\t\t\t\t\t\t\t\t\t\t<\/div>\n\t\t\t\t\t\t\t\t\t\n\t\t\t\t\t\t\t\t\t\n\t\t\t\t\t\t\t\t\t\t\t\t\t\t\t\t\t<\/div>\n\t\t\t\t\t\t\t<\/div>\n\t\t\t\t\t\t\t\t\t\t\t\t\t<div class=\"pk-author-item\">\n\t\t\t\t\t\t\t\t\t\t\t\t\t\t\t\t\t<div class=\"pk-author-avatar\">\n\t\t\t\t\t\t\t\t\t\t<a href=\"https:\/\/lamarinabj.com\/index.php\/author\/thibaut\/\" rel=\"author\">\n\t\t\t\t\t\t\t\t\t\t\t<img alt='' src='https:\/\/secure.gravatar.com\/avatar\/0117500df811f8ad24ed7000dffa7f81dcc94b076a7bfc01b72f6382fab99cc6?s=80&#038;d=mm&#038;r=g' srcset='https:\/\/secure.gravatar.com\/avatar\/0117500df811f8ad24ed7000dffa7f81dcc94b076a7bfc01b72f6382fab99cc6?s=160&#038;d=mm&#038;r=g 2x' class='avatar avatar-80 photo' height='80' width='80' \/>\t\t\t\t\t\t\t\t\t\t<\/a>\n\t\t\t\t\t\t\t\t\t<\/div>\n\t\t\t\t\t\t\t\t\t\t\t\t\t\t\t\t<div class=\"pk-author-data\">\n\t\t\t\t\t\t\t\t\t\n\t\t\t\t\t\t\t\t\t<h6 id=\"thibaut-3\" class=\"author-name\">\n\t\t\t\t\t\t\t\t\t\t<a href=\"https:\/\/lamarinabj.com\/index.php\/author\/thibaut\/\" rel=\"author\">\n\t\t\t\t\t\t\t\t\t\t\tThibaut\t\t\t\t\t\t\t\t\t\t<\/a>\n\t\t\t\t\t\t\t\t\t<\/h6>\n\n\t\t\t\t\t\t\t\t\t\t\t\t\t\t\t\t\t\t\t<div class=\"author-description pk-color-secondary\">\n\t\t\t\t\t\t\t\t\t\t\t\t\t\t\t\t\t\t\t\t\t<\/div>\n\t\t\t\t\t\t\t\t\t\n\t\t\t\t\t\t\t\t\t\n\t\t\t\t\t\t\t\t\t\t\t\t\t\t\t\t\t<\/div>\n\t\t\t\t\t\t\t<\/div>\n\t\t\t\t\t\t\t\t\t\t<\/div>\n\t\t\t\t\t\t<\/div>\n\t<\/div><\/div><\/div>\n\n\t\t<\/div>\n\t<\/div>\n<\/div>\n\n\n\n<div class=\"cnvs-block-column cnvs-block-column-1564574539905\" >\n\t<div class=\"cnvs-block-column-inner\">\n\t\t<div>\n\t\t\t\n\n<p> Nec nascetur mus vici. Dolor rhoncus augue quisque parturient etiam imperdiet sit nisi tellus veni faucibus orci. Imperdiet venenatis nec odio ac nullam rhoncus curabitur montes dapibus sem eu ante.<\/p>\n\n\n\n<p> Condimentum a nec. Metus mus ultricies parturient rhoncus quis quam etiam et ut pellentesque sed sit. <\/p>\n\n\n\n<p>Tincidunt eleifend pellentesque justo sociis parturient rutrum semper vitae aenean nec massa eu vivamus. <\/p>\n\n\t\t<\/div>\n\t<\/div>\n<\/div>\n\n\t<\/div>\n<\/div>\n\n\n\n<h2 id=\"contributors-with-posts\" class=\"wp-block-heading\">Contributors With Posts<\/h2>\n\n\n\n<div class=\"wp-block-group is-style-cnvs-block-bg-light\"><div class=\"wp-block-group__inner-container is-layout-flow wp-block-group-is-layout-flow\"><div class=\"cnvs-block-contributors cnvs-block-contributors-1564574673947\" >\t\t<div class=\"widget-body\">\n\t\t\t\t\t\t\t<div class=\"pk-widget-contributors\">\n\t\t\t\t\t\t\t\t\t\t\t\t<div class=\"pk-author-item\">\n\t\t\t\t\t\t\t\t\t\t\t\t\t\t\t\t\t<div class=\"pk-author-avatar\">\n\t\t\t\t\t\t\t\t\t\t<a href=\"https:\/\/lamarinabj.com\/index.php\/author\/simahou\/\" rel=\"author\">\n\t\t\t\t\t\t\t\t\t\t\t<img alt='' src='https:\/\/secure.gravatar.com\/avatar\/b56740eda81210101c8acebdd7c5c7db1bd0ab57f63df607996683fa153ff0d0?s=80&#038;d=mm&#038;r=g' srcset='https:\/\/secure.gravatar.com\/avatar\/b56740eda81210101c8acebdd7c5c7db1bd0ab57f63df607996683fa153ff0d0?s=160&#038;d=mm&#038;r=g 2x' class='avatar avatar-80 photo' height='80' width='80' \/>\t\t\t\t\t\t\t\t\t\t<\/a>\n\t\t\t\t\t\t\t\t\t<\/div>\n\t\t\t\t\t\t\t\t\t\t\t\t\t\t\t\t<div class=\"pk-author-data\">\n\t\t\t\t\t\t\t\t\t\n\t\t\t\t\t\t\t\t\t<h6 id=\"la-marina-bj-team-veille-projets-publics-2\" class=\"author-name\">\n\t\t\t\t\t\t\t\t\t\t<a href=\"https:\/\/lamarinabj.com\/index.php\/author\/simahou\/\" rel=\"author\">\n\t\t\t\t\t\t\t\t\t\t\tLa Marina BJ &#8211; Team Veille &amp; Projets publics\t\t\t\t\t\t\t\t\t\t<\/a>\n\t\t\t\t\t\t\t\t\t<\/h6>\n\n\t\t\t\t\t\t\t\t\t\t\t\t\t\t\t\t\t\t\t<div class=\"author-description pk-color-secondary\">\n\t\t\t\t\t\t\t\t\t\t\tLa Team Veille &amp; Projets publics de La Marina BJ est d\u00e9di\u00e9e \u00e0 la&hellip;\t\t\t\t\t\t\t\t\t\t<\/div>\n\t\t\t\t\t\t\t\t\t\n\t\t\t\t\t\t\t\t\t\n\t\t\t\t\t\t\t\t\t\t\t\t\t\t\t\t\t\t\t\t<div class=\"pk-author-posts\">\n\t\t\t\t\t\t\t\t\t\t\t\t<h6 id=\"latest-from-la-marina-bj-team-veille-projets-publics\">Latest from La Marina BJ &#8211; Team Veille &amp; Projets publics:<\/h6>\n\t\t\t\t\t\t\t\t\t\t\t\t\t\t\t\t\t\t\t\t\t\t\t\t\t<div class=\"pk-author-posts-single\">\n\t\t\t\t\t\t\t\t\t\t\t\t\t\t<a href=\"https:\/\/lamarinabj.com\/index.php\/2026\/02\/11\/prerab-au-benin-une-equipe-dexperts-en-cours-de-constitution-pour-piloter-les-30-millions-de-dollars-de-la-bad\/\">PReRAB au B\u00e9nin : Une \u00e9quipe d&rsquo;experts en cours de constitution pour piloter les 30 millions de dollars de la BAD<\/a>\n\t\t\t\t\t\t\t\t\t\t\t\t\t<\/div>\n\t\t\t\t\t\t\t\t\t\t\t\t\t\t\t\t\t\t\t\t\t\t\t\t\t\t<div class=\"pk-author-posts-single\">\n\t\t\t\t\t\t\t\t\t\t\t\t\t\t<a href=\"https:\/\/lamarinabj.com\/index.php\/2026\/02\/11\/gestion-fonciere-au-le-programme-terra-benin-prepare-ses-premiers-resultats-operationnels-en-2026\/\">Gestion fonci\u00e8re au B\u00e9nin : Le programme Terra pr\u00e9pare ses premiers r\u00e9sultats op\u00e9rationnels en 2026<\/a>\n\t\t\t\t\t\t\t\t\t\t\t\t\t<\/div>\n\t\t\t\t\t\t\t\t\t\t\t\t\t\t\t\t\t\t\t\t\t\t\t\t\t\t<div class=\"pk-author-posts-single\">\n\t\t\t\t\t\t\t\t\t\t\t\t\t\t<a href=\"https:\/\/lamarinabj.com\/index.php\/2026\/02\/09\/pour-son-projet-de-banque-postale-la-poste-du-benin-prepare-une-restructuration-chirurgicale-de-son-modele\/\">Pour son projet de Banque Postale, la Poste du B\u00e9nin pr\u00e9pare une restructuration chirurgicale de son mod\u00e8le<\/a>\n\t\t\t\t\t\t\t\t\t\t\t\t\t<\/div>\n\t\t\t\t\t\t\t\t\t\t\t\t\t\t\t\t\t\t\t\t\t\t\t\t\t\t<div class=\"pk-author-posts-single\">\n\t\t\t\t\t\t\t\t\t\t\t\t\t\t<a href=\"https:\/\/lamarinabj.com\/index.php\/2026\/02\/06\/transition-ecologique-le-benin-mise-sur-une-agence-nationale-de-leconomie-circulaire-des-2027\/\">Transition \u00e9cologique : Le B\u00e9nin mise sur une Agence Nationale de l\u2019\u00c9conomie Circulaire d\u00e8s 2027<\/a>\n\t\t\t\t\t\t\t\t\t\t\t\t\t<\/div>\n\t\t\t\t\t\t\t\t\t\t\t\t\t\t\t\t\t\t\t\t\t\t\t\t\t\t<div class=\"pk-author-posts-single\">\n\t\t\t\t\t\t\t\t\t\t\t\t\t\t<a href=\"https:\/\/lamarinabj.com\/index.php\/2026\/02\/05\/petrole-au-benin-pourquoi-akrake-petroleum-a-privilegie-la-securite-avant-le-premier-baril\/\">P\u00e9trole au B\u00e9nin : Pourquoi Akrake Petroleum a privil\u00e9gi\u00e9 la s\u00e9curit\u00e9 avant le premier baril<\/a>\n\t\t\t\t\t\t\t\t\t\t\t\t\t<\/div>\n\t\t\t\t\t\t\t\t\t\t\t\t\t\t\t\t\t\t\t\t\t\t\t\t<\/div>\n\t\t\t\t\t\t\t\t\t\t\t\t\t\t\t\t\t\t\t<\/div>\n\t\t\t\t\t\t\t<\/div>\n\t\t\t\t\t\t\t\t\t\t\t\t\t<div class=\"pk-author-item\">\n\t\t\t\t\t\t\t\t\t\t\t\t\t\t\t\t\t<div class=\"pk-author-avatar\">\n\t\t\t\t\t\t\t\t\t\t<a href=\"https:\/\/lamarinabj.com\/index.php\/author\/thibaut\/\" rel=\"author\">\n\t\t\t\t\t\t\t\t\t\t\t<img alt='' src='https:\/\/secure.gravatar.com\/avatar\/0117500df811f8ad24ed7000dffa7f81dcc94b076a7bfc01b72f6382fab99cc6?s=80&#038;d=mm&#038;r=g' srcset='https:\/\/secure.gravatar.com\/avatar\/0117500df811f8ad24ed7000dffa7f81dcc94b076a7bfc01b72f6382fab99cc6?s=160&#038;d=mm&#038;r=g 2x' class='avatar avatar-80 photo' height='80' width='80' \/>\t\t\t\t\t\t\t\t\t\t<\/a>\n\t\t\t\t\t\t\t\t\t<\/div>\n\t\t\t\t\t\t\t\t\t\t\t\t\t\t\t\t<div class=\"pk-author-data\">\n\t\t\t\t\t\t\t\t\t\n\t\t\t\t\t\t\t\t\t<h6 id=\"thibaut-4\" class=\"author-name\">\n\t\t\t\t\t\t\t\t\t\t<a href=\"https:\/\/lamarinabj.com\/index.php\/author\/thibaut\/\" rel=\"author\">\n\t\t\t\t\t\t\t\t\t\t\tThibaut\t\t\t\t\t\t\t\t\t\t<\/a>\n\t\t\t\t\t\t\t\t\t<\/h6>\n\n\t\t\t\t\t\t\t\t\t\t\t\t\t\t\t\t\t\t\t<div class=\"author-description pk-color-secondary\">\n\t\t\t\t\t\t\t\t\t\t\t\t\t\t\t\t\t\t\t\t\t<\/div>\n\t\t\t\t\t\t\t\t\t\n\t\t\t\t\t\t\t\t\t\n\t\t\t\t\t\t\t\t\t\t\t\t\t\t\t\t\t\t\t\t<div class=\"pk-author-posts\">\n\t\t\t\t\t\t\t\t\t\t\t\t<h6 id=\"latest-from-thibaut\">Latest from Thibaut:<\/h6>\n\t\t\t\t\t\t\t\t\t\t\t\t\t\t\t\t\t\t\t\t\t\t\t\t\t<div class=\"pk-author-posts-single\">\n\t\t\t\t\t\t\t\t\t\t\t\t\t\t<a href=\"https:\/\/lamarinabj.com\/index.php\/2025\/11\/25\/pourquoi-les-communes-beninoises-depensent-encore-peu-et-comment-le-padect-veut-les-transformer\/\">Pourquoi les communes b\u00e9ninoises d\u00e9pensent encore peu\u2026 et comment le PADECT veut les transformer<\/a>\n\t\t\t\t\t\t\t\t\t\t\t\t\t<\/div>\n\t\t\t\t\t\t\t\t\t\t\t\t\t\t\t\t\t\t\t\t\t\t\t\t<\/div>\n\t\t\t\t\t\t\t\t\t\t\t\t\t\t\t\t\t\t\t<\/div>\n\t\t\t\t\t\t\t<\/div>\n\t\t\t\t\t\t\t\t\t\t<\/div>\n\t\t\t\t\t\t<\/div>\n\t<\/div><\/div><\/div>\n","protected":false},"excerpt":{"rendered":"Simple With Background Contributors Simple Contributors With Posts\n","protected":false},"author":1,"featured_media":0,"parent":2204,"menu_order":0,"comment_status":"closed","ping_status":"closed","template":"","meta":{"csco_singular_sidebar":"default","csco_page_header_type":"default","csco_appearance_masonry":"","csco_page_load_nextpost":"","csco_post_video_location":[],"csco_post_video_location_hash":"","csco_post_video_url":"","csco_post_video_bg_start_time":0,"csco_post_video_bg_end_time":0,"footnotes":""},"class_list":{"0":"post-2211","1":"page","2":"type-page","3":"status-publish","5":"cs-entry","6":"cs-video-wrap"},"yoast_head":"<!-- This site is optimized with the Yoast SEO plugin v27.4 - https:\/\/yoast.com\/product\/yoast-seo-wordpress\/ -->\n<title>Author - LA MARINA BJ<\/title>\n<meta name=\"robots\" content=\"index, follow, max-snippet:-1, max-image-preview:large, max-video-preview:-1\" \/>\n<link rel=\"canonical\" href=\"https:\/\/lamarinabj.com\/index.php\/blocks\/author\/\" \/>\n<meta property=\"og:locale\" content=\"fr_FR\" \/>\n<meta property=\"og:type\" content=\"article\" \/>\n<meta property=\"og:title\" content=\"Author - LA MARINA BJ\" \/>\n<meta property=\"og:description\" content=\"Simple With Background Contributors Simple Contributors With Posts\" \/>\n<meta property=\"og:url\" content=\"https:\/\/lamarinabj.com\/index.php\/blocks\/author\/\" \/>\n<meta property=\"og:site_name\" content=\"LA MARINA BJ\" \/>\n<meta name=\"twitter:card\" content=\"summary_large_image\" \/>\n<meta name=\"twitter:label1\" content=\"Dur\u00e9e de lecture estim\u00e9e\" \/>\n\t<meta name=\"twitter:data1\" content=\"1 minute\" \/>\n<script type=\"application\/ld+json\" class=\"yoast-schema-graph\">{\"@context\":\"https:\\\/\\\/schema.org\",\"@graph\":[{\"@type\":\"WebPage\",\"@id\":\"https:\\\/\\\/lamarinabj.com\\\/index.php\\\/blocks\\\/author\\\/\",\"url\":\"https:\\\/\\\/lamarinabj.com\\\/index.php\\\/blocks\\\/author\\\/\",\"name\":\"Author - LA MARINA BJ\",\"isPartOf\":{\"@id\":\"https:\\\/\\\/lamarinabj.com\\\/#website\"},\"datePublished\":\"2019-12-25T09:08:25+00:00\",\"breadcrumb\":{\"@id\":\"https:\\\/\\\/lamarinabj.com\\\/index.php\\\/blocks\\\/author\\\/#breadcrumb\"},\"inLanguage\":\"fr-FR\",\"potentialAction\":[{\"@type\":\"ReadAction\",\"target\":[\"https:\\\/\\\/lamarinabj.com\\\/index.php\\\/blocks\\\/author\\\/\"]}]},{\"@type\":\"BreadcrumbList\",\"@id\":\"https:\\\/\\\/lamarinabj.com\\\/index.php\\\/blocks\\\/author\\\/#breadcrumb\",\"itemListElement\":[{\"@type\":\"ListItem\",\"position\":1,\"name\":\"Accueil\",\"item\":\"https:\\\/\\\/lamarinabj.com\\\/\"},{\"@type\":\"ListItem\",\"position\":2,\"name\":\"Blocks\",\"item\":\"https:\\\/\\\/lamarinabj.com\\\/index.php\\\/blocks\\\/\"},{\"@type\":\"ListItem\",\"position\":3,\"name\":\"Author\"}]},{\"@type\":\"WebSite\",\"@id\":\"https:\\\/\\\/lamarinabj.com\\\/#website\",\"url\":\"https:\\\/\\\/lamarinabj.com\\\/\",\"name\":\"LA MARINA BJ\",\"description\":\"Votre portail vers l&#039;information strat\u00e9gique au B\u00e9nin, en Afrique et au-del\u00e0\",\"potentialAction\":[{\"@type\":\"SearchAction\",\"target\":{\"@type\":\"EntryPoint\",\"urlTemplate\":\"https:\\\/\\\/lamarinabj.com\\\/?s={search_term_string}\"},\"query-input\":{\"@type\":\"PropertyValueSpecification\",\"valueRequired\":true,\"valueName\":\"search_term_string\"}}],\"inLanguage\":\"fr-FR\"}]}<\/script>\n<!-- \/ Yoast SEO plugin. -->","yoast_head_json":{"title":"Author - LA MARINA BJ","robots":{"index":"index","follow":"follow","max-snippet":"max-snippet:-1","max-image-preview":"max-image-preview:large","max-video-preview":"max-video-preview:-1"},"canonical":"https:\/\/lamarinabj.com\/index.php\/blocks\/author\/","og_locale":"fr_FR","og_type":"article","og_title":"Author - LA MARINA BJ","og_description":"Simple With Background Contributors Simple Contributors With Posts","og_url":"https:\/\/lamarinabj.com\/index.php\/blocks\/author\/","og_site_name":"LA MARINA BJ","twitter_card":"summary_large_image","twitter_misc":{"Dur\u00e9e de lecture estim\u00e9e":"1 minute"},"schema":{"@context":"https:\/\/schema.org","@graph":[{"@type":"WebPage","@id":"https:\/\/lamarinabj.com\/index.php\/blocks\/author\/","url":"https:\/\/lamarinabj.com\/index.php\/blocks\/author\/","name":"Author - LA MARINA BJ","isPartOf":{"@id":"https:\/\/lamarinabj.com\/#website"},"datePublished":"2019-12-25T09:08:25+00:00","breadcrumb":{"@id":"https:\/\/lamarinabj.com\/index.php\/blocks\/author\/#breadcrumb"},"inLanguage":"fr-FR","potentialAction":[{"@type":"ReadAction","target":["https:\/\/lamarinabj.com\/index.php\/blocks\/author\/"]}]},{"@type":"BreadcrumbList","@id":"https:\/\/lamarinabj.com\/index.php\/blocks\/author\/#breadcrumb","itemListElement":[{"@type":"ListItem","position":1,"name":"Accueil","item":"https:\/\/lamarinabj.com\/"},{"@type":"ListItem","position":2,"name":"Blocks","item":"https:\/\/lamarinabj.com\/index.php\/blocks\/"},{"@type":"ListItem","position":3,"name":"Author"}]},{"@type":"WebSite","@id":"https:\/\/lamarinabj.com\/#website","url":"https:\/\/lamarinabj.com\/","name":"LA MARINA BJ","description":"Votre portail vers l&#039;information strat\u00e9gique au B\u00e9nin, en Afrique et au-del\u00e0","potentialAction":[{"@type":"SearchAction","target":{"@type":"EntryPoint","urlTemplate":"https:\/\/lamarinabj.com\/?s={search_term_string}"},"query-input":{"@type":"PropertyValueSpecification","valueRequired":true,"valueName":"search_term_string"}}],"inLanguage":"fr-FR"}]}},"_links":{"self":[{"href":"https:\/\/lamarinabj.com\/index.php\/wp-json\/wp\/v2\/pages\/2211","targetHints":{"allow":["GET"]}}],"collection":[{"href":"https:\/\/lamarinabj.com\/index.php\/wp-json\/wp\/v2\/pages"}],"about":[{"href":"https:\/\/lamarinabj.com\/index.php\/wp-json\/wp\/v2\/types\/page"}],"author":[{"embeddable":true,"href":"https:\/\/lamarinabj.com\/index.php\/wp-json\/wp\/v2\/users\/1"}],"replies":[{"embeddable":true,"href":"https:\/\/lamarinabj.com\/index.php\/wp-json\/wp\/v2\/comments?post=2211"}],"version-history":[{"count":0,"href":"https:\/\/lamarinabj.com\/index.php\/wp-json\/wp\/v2\/pages\/2211\/revisions"}],"up":[{"embeddable":true,"href":"https:\/\/lamarinabj.com\/index.php\/wp-json\/wp\/v2\/pages\/2204"}],"wp:attachment":[{"href":"https:\/\/lamarinabj.com\/index.php\/wp-json\/wp\/v2\/media?parent=2211"}],"curies":[{"name":"wp","href":"https:\/\/api.w.org\/{rel}","templated":true}]}}