{"id":2226,"date":"2019-12-25T09:19:41","date_gmt":"2019-12-25T09:19:41","guid":{"rendered":"https:\/\/caards.codesupply.co\/caards\/?page_id=2226"},"modified":"2019-12-25T09:19:41","modified_gmt":"2019-12-25T09:19:41","slug":"pinterest-board","status":"publish","type":"page","link":"https:\/\/lamarinabj.com\/index.php\/blocks\/pinterest-board\/","title":{"rendered":"Pinterest Board"},"content":{"rendered":"\n<div class=\"cnvs-block-alert cnvs-block-alert-1564569227192 is-style-cnvs-block-alert-warning\" >\n\t<div class=\"cnvs-block-alert-inner\">\n\t\t\n\n<h6 id=\"please-note\" class=\"wp-block-heading\">Please Note<\/h6>\n\n\n\n<p>You need to install and activate <a href=\"https:\/\/wordpress.org\/plugins\/powerkit\/\">Powerkit<\/a> and <a href=\"https:\/\/wordpress.org\/plugins\/canvas\/\">Canvas<\/a> to make this feature work.<\/p>\n\n\t<\/div>\n\t<\/div>\n\n\n\n<div class=\"cnvs-block-row cnvs-block-row-1564569290414 cnvs-block-row-columns-2\" >\n\t<div class=\"cnvs-block-row-inner\">\n\t\t\n\n<div class=\"cnvs-block-column cnvs-block-column-1564569290456\" >\n\t<div class=\"cnvs-block-column-inner\">\n\t\t<div>\n\t\t\t\n\n<div class=\"cnvs-block-pinterest-board cnvs-block-pinterest-board-1564569304547 pinterest-board-wrapper\" >\n    <a href=\"https:\/\/pinterest.com\/envato\/stunning-photographs\/\" data-pin-do=\"embedBoard\" data-pin-board-width=\"100%\"><\/a>\n<\/div>\n\n\t\t<\/div>\n\t<\/div>\n<\/div>\n\n\n\n<div class=\"cnvs-block-column cnvs-block-column-1564569290513\" >\n\t<div class=\"cnvs-block-column-inner\">\n\t\t<div>\n\t\t\t\n\n<p>Nec nascetur mus vici. Dolor rhoncus augue quisque parturient etiam imperdiet sit nisi tellus veni faucibus orci. Imperdiet venenatis nec odio ac nullam rhoncus curabitur montes dapibus sem eu ante. Condimentum a nec. Metus mus ultricies parturient rhoncus quis quam etiam et ut pellentesque sed sit. Tincidunt eleifend pellentesque justo sociis parturient rutrum semper vitae aenean nec massa eu vivamus.<\/p>\n\n\n\n<p>Metus curabitur ullamcorper dolor dapibus sapien quis vitae a nullam cras cum eget sem. Ut leo felis eu consectetuer donec cras nullam magnis nulla luctus. Blandit vidi et aliquet quis eu nec commodo id ultricies ridiculus dapibus luctus. Feugiat nec ante amet nam dolor etiam sed quis eleifend ipsum. Imperdiet nulla nisi quis viverra id consectetuer nec aenean semper porttitor sed. Pulvinar semper quis enim tincidunt viverra.<\/p>\n\n\t\t<\/div>\n\t<\/div>\n<\/div>\n\n\t<\/div>\n<\/div>\n","protected":false},"excerpt":{"rendered":"","protected":false},"author":1,"featured_media":0,"parent":2204,"menu_order":0,"comment_status":"closed","ping_status":"closed","template":"","meta":{"csco_singular_sidebar":"default","csco_page_header_type":"default","csco_appearance_masonry":"","csco_page_load_nextpost":"","csco_post_video_location":[],"csco_post_video_location_hash":"","csco_post_video_url":"","csco_post_video_bg_start_time":0,"csco_post_video_bg_end_time":0,"footnotes":""},"class_list":{"0":"post-2226","1":"page","2":"type-page","3":"status-publish","5":"cs-entry","6":"cs-video-wrap"},"yoast_head":"<!-- This site is optimized with the Yoast SEO plugin v26.9 - https:\/\/yoast.com\/product\/yoast-seo-wordpress\/ -->\n<title>Pinterest Board - LA MARINA BJ<\/title>\n<meta name=\"robots\" content=\"index, follow, max-snippet:-1, max-image-preview:large, max-video-preview:-1\" \/>\n<link rel=\"canonical\" href=\"https:\/\/lamarinabj.com\/index.php\/blocks\/pinterest-board\/\" \/>\n<meta property=\"og:locale\" content=\"fr_FR\" \/>\n<meta property=\"og:type\" content=\"article\" \/>\n<meta property=\"og:title\" content=\"Pinterest Board - LA MARINA BJ\" \/>\n<meta property=\"og:url\" content=\"https:\/\/lamarinabj.com\/index.php\/blocks\/pinterest-board\/\" \/>\n<meta property=\"og:site_name\" content=\"LA MARINA BJ\" \/>\n<meta name=\"twitter:card\" content=\"summary_large_image\" \/>\n<meta name=\"twitter:label1\" content=\"Dur\u00e9e de lecture estim\u00e9e\" \/>\n\t<meta name=\"twitter:data1\" content=\"1 minute\" \/>\n<script type=\"application\/ld+json\" class=\"yoast-schema-graph\">{\"@context\":\"https:\/\/schema.org\",\"@graph\":[{\"@type\":\"WebPage\",\"@id\":\"https:\/\/lamarinabj.com\/index.php\/blocks\/pinterest-board\/\",\"url\":\"https:\/\/lamarinabj.com\/index.php\/blocks\/pinterest-board\/\",\"name\":\"Pinterest Board - LA MARINA BJ\",\"isPartOf\":{\"@id\":\"https:\/\/lamarinabj.com\/#website\"},\"datePublished\":\"2019-12-25T09:19:41+00:00\",\"breadcrumb\":{\"@id\":\"https:\/\/lamarinabj.com\/index.php\/blocks\/pinterest-board\/#breadcrumb\"},\"inLanguage\":\"fr-FR\",\"potentialAction\":[{\"@type\":\"ReadAction\",\"target\":[\"https:\/\/lamarinabj.com\/index.php\/blocks\/pinterest-board\/\"]}]},{\"@type\":\"BreadcrumbList\",\"@id\":\"https:\/\/lamarinabj.com\/index.php\/blocks\/pinterest-board\/#breadcrumb\",\"itemListElement\":[{\"@type\":\"ListItem\",\"position\":1,\"name\":\"Accueil\",\"item\":\"https:\/\/lamarinabj.com\/\"},{\"@type\":\"ListItem\",\"position\":2,\"name\":\"Blocks\",\"item\":\"https:\/\/lamarinabj.com\/index.php\/blocks\/\"},{\"@type\":\"ListItem\",\"position\":3,\"name\":\"Pinterest Board\"}]},{\"@type\":\"WebSite\",\"@id\":\"https:\/\/lamarinabj.com\/#website\",\"url\":\"https:\/\/lamarinabj.com\/\",\"name\":\"LA MARINA BJ\",\"description\":\"Votre portail vers l&#039;information strat\u00e9gique au B\u00e9nin, en Afrique et au-del\u00e0\",\"potentialAction\":[{\"@type\":\"SearchAction\",\"target\":{\"@type\":\"EntryPoint\",\"urlTemplate\":\"https:\/\/lamarinabj.com\/?s={search_term_string}\"},\"query-input\":{\"@type\":\"PropertyValueSpecification\",\"valueRequired\":true,\"valueName\":\"search_term_string\"}}],\"inLanguage\":\"fr-FR\"}]}<\/script>\n<!-- \/ Yoast SEO plugin. -->","yoast_head_json":{"title":"Pinterest Board - LA MARINA BJ","robots":{"index":"index","follow":"follow","max-snippet":"max-snippet:-1","max-image-preview":"max-image-preview:large","max-video-preview":"max-video-preview:-1"},"canonical":"https:\/\/lamarinabj.com\/index.php\/blocks\/pinterest-board\/","og_locale":"fr_FR","og_type":"article","og_title":"Pinterest Board - LA MARINA BJ","og_url":"https:\/\/lamarinabj.com\/index.php\/blocks\/pinterest-board\/","og_site_name":"LA MARINA BJ","twitter_card":"summary_large_image","twitter_misc":{"Dur\u00e9e de lecture estim\u00e9e":"1 minute"},"schema":{"@context":"https:\/\/schema.org","@graph":[{"@type":"WebPage","@id":"https:\/\/lamarinabj.com\/index.php\/blocks\/pinterest-board\/","url":"https:\/\/lamarinabj.com\/index.php\/blocks\/pinterest-board\/","name":"Pinterest Board - LA MARINA BJ","isPartOf":{"@id":"https:\/\/lamarinabj.com\/#website"},"datePublished":"2019-12-25T09:19:41+00:00","breadcrumb":{"@id":"https:\/\/lamarinabj.com\/index.php\/blocks\/pinterest-board\/#breadcrumb"},"inLanguage":"fr-FR","potentialAction":[{"@type":"ReadAction","target":["https:\/\/lamarinabj.com\/index.php\/blocks\/pinterest-board\/"]}]},{"@type":"BreadcrumbList","@id":"https:\/\/lamarinabj.com\/index.php\/blocks\/pinterest-board\/#breadcrumb","itemListElement":[{"@type":"ListItem","position":1,"name":"Accueil","item":"https:\/\/lamarinabj.com\/"},{"@type":"ListItem","position":2,"name":"Blocks","item":"https:\/\/lamarinabj.com\/index.php\/blocks\/"},{"@type":"ListItem","position":3,"name":"Pinterest Board"}]},{"@type":"WebSite","@id":"https:\/\/lamarinabj.com\/#website","url":"https:\/\/lamarinabj.com\/","name":"LA MARINA BJ","description":"Votre portail vers l&#039;information strat\u00e9gique au B\u00e9nin, en Afrique et au-del\u00e0","potentialAction":[{"@type":"SearchAction","target":{"@type":"EntryPoint","urlTemplate":"https:\/\/lamarinabj.com\/?s={search_term_string}"},"query-input":{"@type":"PropertyValueSpecification","valueRequired":true,"valueName":"search_term_string"}}],"inLanguage":"fr-FR"}]}},"_links":{"self":[{"href":"https:\/\/lamarinabj.com\/index.php\/wp-json\/wp\/v2\/pages\/2226","targetHints":{"allow":["GET"]}}],"collection":[{"href":"https:\/\/lamarinabj.com\/index.php\/wp-json\/wp\/v2\/pages"}],"about":[{"href":"https:\/\/lamarinabj.com\/index.php\/wp-json\/wp\/v2\/types\/page"}],"author":[{"embeddable":true,"href":"https:\/\/lamarinabj.com\/index.php\/wp-json\/wp\/v2\/users\/1"}],"replies":[{"embeddable":true,"href":"https:\/\/lamarinabj.com\/index.php\/wp-json\/wp\/v2\/comments?post=2226"}],"version-history":[{"count":0,"href":"https:\/\/lamarinabj.com\/index.php\/wp-json\/wp\/v2\/pages\/2226\/revisions"}],"up":[{"embeddable":true,"href":"https:\/\/lamarinabj.com\/index.php\/wp-json\/wp\/v2\/pages\/2204"}],"wp:attachment":[{"href":"https:\/\/lamarinabj.com\/index.php\/wp-json\/wp\/v2\/media?parent=2226"}],"curies":[{"name":"wp","href":"https:\/\/api.w.org\/{rel}","templated":true}]}}