{"id":2279,"date":"2019-12-25T10:00:43","date_gmt":"2019-12-25T10:00:43","guid":{"rendered":"https:\/\/caards.codesupply.co\/caards\/?page_id=2279"},"modified":"2019-12-25T10:00:43","modified_gmt":"2019-12-25T10:00:43","slug":"promo-blocks","status":"publish","type":"page","link":"https:\/\/lamarinabj.com\/index.php\/promo-blocks\/","title":{"rendered":"Promo Blocks"},"content":{"rendered":"\n<div class=\"cnvs-block-row cnvs-block-row-1569497730983 cnvs-block-row-columns-3\" >\n\t<div class=\"cnvs-block-row-inner\">\n\t\t\n\n<div class=\"cnvs-block-column cnvs-block-column-1569497731027\" >\n\t<div class=\"cnvs-block-column-inner\">\n\t\t<div>\n\t\t\t\n\n<div class=\"wp-block-cover is-light has-background-dim-NaN is-cnvs-vert-align-middle\" style=\"min-height:260px;aspect-ratio:unset;\"><span aria-hidden=\"true\" class=\"wp-block-cover__background has-background-dim\"><\/span><img decoding=\"async\" class=\"wp-block-cover__image-background wp-image-3955\" alt=\"\" src=\"http:\/\/caards.codesupply.co\/caards\/wp-content\/uploads\/sites\/2\/2022\/06\/demo-image-00001.jpeg\" data-object-fit=\"cover\"\/><div class=\"wp-block-cover__inner-container is-layout-flow wp-block-cover-is-layout-flow\">\n<div class=\"wp-block-button aligncenter\"><a class=\"wp-block-button__link wp-element-button\" href=\"\/schematic\/\">Browse Shop<\/a><\/div>\n<\/div><\/div>\n\n\t\t<\/div>\n\t<\/div>\n<\/div>\n\n\n\n<div class=\"cnvs-block-column cnvs-block-column-1569497731104\" >\n\t<div class=\"cnvs-block-column-inner\">\n\t\t<div>\n\t\t\t\n\n<div class=\"wp-block-cover is-light is-cnvs-vert-align-middle\" style=\"min-height:260px;aspect-ratio:unset;\"><span aria-hidden=\"true\" class=\"wp-block-cover__background has-background-dim\"><\/span><img decoding=\"async\" class=\"wp-block-cover__image-background wp-image-3956\" alt=\"\" src=\"http:\/\/caards.codesupply.co\/caards\/wp-content\/uploads\/sites\/2\/2022\/06\/demo-image-00002.jpeg\" data-object-fit=\"cover\"\/><div class=\"wp-block-cover__inner-container is-layout-flow wp-block-cover-is-layout-flow\">\n<div class=\"wp-block-button aligncenter\"><a class=\"wp-block-button__link wp-element-button\" href=\"\/schematic\/\"> About Me<\/a><\/div>\n<\/div><\/div>\n\n\t\t<\/div>\n\t<\/div>\n<\/div>\n\n\n\n<div class=\"cnvs-block-column cnvs-block-column-1569497736161\" >\n\t<div class=\"cnvs-block-column-inner\">\n\t\t<div>\n\t\t\t\n\n<div class=\"wp-block-cover is-light has-background-dim-NaN is-cnvs-vert-align-middle\" style=\"min-height:260px;aspect-ratio:unset;\"><span aria-hidden=\"true\" class=\"wp-block-cover__background has-background-dim\"><\/span><img decoding=\"async\" class=\"wp-block-cover__image-background wp-image-3957\" alt=\"\" src=\"http:\/\/caards.codesupply.co\/caards\/wp-content\/uploads\/sites\/2\/2022\/06\/demo-image-00003.jpeg\" data-object-fit=\"cover\"\/><div class=\"wp-block-cover__inner-container is-layout-flow wp-block-cover-is-layout-flow\">\n<div class=\"wp-block-button aligncenter\"><a class=\"wp-block-button__link wp-element-button\" href=\"\/schematic\/\"> Follow<\/a><\/div>\n<\/div><\/div>\n\n\t\t<\/div>\n\t<\/div>\n<\/div>\n\n\t<\/div>\n<\/div>\n\n\n\n<div class=\"cnvs-block-row cnvs-block-row-1574261552646 cnvs-block-row-columns-3\" >\n\t<div class=\"cnvs-block-row-inner\">\n\t\t\n\n<div class=\"cnvs-block-column cnvs-block-column-1574261552747\" >\n\t<div class=\"cnvs-block-column-inner\">\n\t\t<div>\n\t\t\t\n\n<div class=\"wp-block-cover is-light has-background-dim-NaN is-cnvs-vert-align-middle\" style=\"min-height:540px;aspect-ratio:unset;\"><span aria-hidden=\"true\" class=\"wp-block-cover__background has-background-dim\"><\/span><img decoding=\"async\" class=\"wp-block-cover__image-background wp-image-3955\" alt=\"\" src=\"http:\/\/caards.codesupply.co\/caards\/wp-content\/uploads\/sites\/2\/2022\/06\/demo-image-00001.jpeg\" data-object-fit=\"cover\"\/><div class=\"wp-block-cover__inner-container is-layout-flow wp-block-cover-is-layout-flow\">\n<h3 id=\"fun-things-to-do-in-rome\" class=\"wp-block-heading has-text-align-center has-text-color\" style=\"color:#ffffff\">Fun Things to Do in Rome<\/h3>\n\n\n\n<p class=\"has-text-align-center has-text-color\" style=\"color:#ffffff\">Structured gripped tape invisible moulded cups for suppor firm hold strong powermesh front liner sport detail\u2026<\/p>\n\n\n\n<div class=\"wp-block-button aligncenter\"><a class=\"wp-block-button__link wp-element-button\" href=\"\/schematic\/\">View post<\/a><\/div>\n<\/div><\/div>\n\n\t\t<\/div>\n\t<\/div>\n<\/div>\n\n\n\n<div class=\"cnvs-block-column cnvs-block-column-1574261552760\" >\n\t<div class=\"cnvs-block-column-inner\">\n\t\t<div>\n\t\t\t\n\n<div class=\"wp-block-cover is-light is-cnvs-vert-align-middle\" style=\"min-height:540px;aspect-ratio:unset;\"><span aria-hidden=\"true\" class=\"wp-block-cover__background has-background-dim\"><\/span><img decoding=\"async\" class=\"wp-block-cover__image-background wp-image-3956\" alt=\"\" src=\"http:\/\/caards.codesupply.co\/caards\/wp-content\/uploads\/sites\/2\/2022\/06\/demo-image-00002.jpeg\" data-object-fit=\"cover\"\/><div class=\"wp-block-cover__inner-container is-layout-flow wp-block-cover-is-layout-flow\">\n<h3 id=\"wardrobe-essentials-chinos\" class=\"wp-block-heading has-text-align-center has-text-color\" style=\"color:#ffffff\">Wardrobe Essentials: Chinos<\/h3>\n\n\n\n<p class=\"has-text-align-center has-text-color\" style=\"color:#ffffff\"> Structured gripped tape invisible moulded cups for suppor firm hold strong powermesh front liner sport detail\u2026 <\/p>\n\n\n\n<div class=\"wp-block-button aligncenter\"><a class=\"wp-block-button__link wp-element-button\" href=\"\/schematic\/\">View Post<\/a><\/div>\n<\/div><\/div>\n\n\t\t<\/div>\n\t<\/div>\n<\/div>\n\n\n\n<div class=\"cnvs-block-column cnvs-block-column-1574261552774\" >\n\t<div class=\"cnvs-block-column-inner\">\n\t\t<div>\n\t\t\t\n\n<div class=\"wp-block-cover is-light has-background-dim-NaN is-cnvs-vert-align-middle\" style=\"min-height:540px;aspect-ratio:unset;\"><span aria-hidden=\"true\" class=\"wp-block-cover__background has-background-dim\"><\/span><img decoding=\"async\" class=\"wp-block-cover__image-background wp-image-3957\" alt=\"\" src=\"http:\/\/caards.codesupply.co\/caards\/wp-content\/uploads\/sites\/2\/2022\/06\/demo-image-00003.jpeg\" data-object-fit=\"cover\"\/><div class=\"wp-block-cover__inner-container is-layout-flow wp-block-cover-is-layout-flow\">\n<h3 id=\"how-to-make-it-work-for-work\" class=\"wp-block-heading has-text-align-center has-text-color\" style=\"color:#ffffff\">How To Make It Work For Work<\/h3>\n\n\n\n<p class=\"has-text-align-center has-text-color\" style=\"color:#ffffff\">Structured gripped tape invisible moulded cups for suppor firm hold strong powermesh front liner sport detail\u2026<\/p>\n\n\n\n<div class=\"wp-block-button aligncenter\"><a class=\"wp-block-button__link wp-element-button\" href=\"\/schematic\/\">View post<\/a><\/div>\n<\/div><\/div>\n\n\t\t<\/div>\n\t<\/div>\n<\/div>\n\n\t<\/div>\n<\/div>\n\n\n\n<div class=\"cnvs-block-row cnvs-block-row-1574261804185 cnvs-block-row-columns-3\" >\n\t<div class=\"cnvs-block-row-inner\">\n\t\t\n\n<div class=\"cnvs-block-column cnvs-block-column-1574261804301\" >\n\t<div class=\"cnvs-block-column-inner\">\n\t\t<div>\n\t\t\t\n\n<div class=\"wp-block-cover is-light has-background-dim-NaN is-cnvs-vert-align-bottom\" style=\"min-height:540px;aspect-ratio:unset;\"><span aria-hidden=\"true\" class=\"wp-block-cover__background has-background-dim\"><\/span><img decoding=\"async\" class=\"wp-block-cover__image-background wp-image-3955\" alt=\"\" src=\"http:\/\/caards.codesupply.co\/caards\/wp-content\/uploads\/sites\/2\/2022\/06\/demo-image-00001.jpeg\" data-object-fit=\"cover\"\/><div class=\"wp-block-cover__inner-container is-layout-flow wp-block-cover-is-layout-flow\">\n<h3 id=\"fun-things-to-do-in-rome-2\" class=\"wp-block-heading has-text-align-left has-text-color\" style=\"color:#ffffff\">Fun Things to Do in Rome<\/h3>\n\n\n\n<p class=\"has-text-align-left has-text-color\" style=\"color:#ffffff\">Structured gripped tape invisible moulded cups for suppor firm hold strong powermesh front liner sport detail\u2026<\/p>\n\n\n\n<div class=\"wp-block-button\"><a class=\"wp-block-button__link wp-element-button\" href=\"\/schematic\/\">View post<\/a><\/div>\n<\/div><\/div>\n\n\t\t<\/div>\n\t<\/div>\n<\/div>\n\n\n\n<div class=\"cnvs-block-column cnvs-block-column-1574261804321\" >\n\t<div class=\"cnvs-block-column-inner\">\n\t\t<div>\n\t\t\t\n\n<div class=\"wp-block-cover is-light is-cnvs-vert-align-bottom\" style=\"min-height:540px;aspect-ratio:unset;\"><span aria-hidden=\"true\" class=\"wp-block-cover__background has-background-dim\"><\/span><img decoding=\"async\" class=\"wp-block-cover__image-background wp-image-3956\" alt=\"\" src=\"http:\/\/caards.codesupply.co\/caards\/wp-content\/uploads\/sites\/2\/2022\/06\/demo-image-00002.jpeg\" data-object-fit=\"cover\"\/><div class=\"wp-block-cover__inner-container is-layout-flow wp-block-cover-is-layout-flow\">\n<h3 id=\"wardrobe-essentials-chinos-2\" class=\"wp-block-heading has-text-align-left has-text-color\" style=\"color:#ffffff\">Wardrobe Essentials: Chinos<\/h3>\n\n\n\n<p class=\"has-text-align-left has-text-color\" style=\"color:#ffffff\"> Structured gripped tape invisible moulded cups for suppor firm hold strong powermesh front liner sport detail\u2026 <\/p>\n\n\n\n<div class=\"wp-block-button\"><a class=\"wp-block-button__link wp-element-button\" href=\"\/schematic\/\">View Post<\/a><\/div>\n<\/div><\/div>\n\n\t\t<\/div>\n\t<\/div>\n<\/div>\n\n\n\n<div class=\"cnvs-block-column cnvs-block-column-1574261804337\" >\n\t<div class=\"cnvs-block-column-inner\">\n\t\t<div>\n\t\t\t\n\n<div class=\"wp-block-cover is-light has-background-dim-NaN is-cnvs-vert-align-bottom\" style=\"min-height:540px;aspect-ratio:unset;\"><span aria-hidden=\"true\" class=\"wp-block-cover__background has-background-dim\"><\/span><img decoding=\"async\" class=\"wp-block-cover__image-background wp-image-3957\" alt=\"\" src=\"http:\/\/caards.codesupply.co\/caards\/wp-content\/uploads\/sites\/2\/2022\/06\/demo-image-00003.jpeg\" data-object-fit=\"cover\"\/><div class=\"wp-block-cover__inner-container is-layout-flow wp-block-cover-is-layout-flow\">\n<h3 id=\"how-to-make-it-work-for-work-2\" class=\"wp-block-heading has-text-align-left has-text-color\" style=\"color:#ffffff\">How To Make It Work For Work<\/h3>\n\n\n\n<p class=\"has-text-align-left has-text-color\" style=\"color:#ffffff\">Structured gripped tape invisible moulded cups for suppor firm hold strong powermesh front liner sport detail\u2026<\/p>\n\n\n\n<div class=\"wp-block-button\"><a class=\"wp-block-button__link wp-element-button\" href=\"\/schematic\/\">View post<\/a><\/div>\n<\/div><\/div>\n\n\t\t<\/div>\n\t<\/div>\n<\/div>\n\n\t<\/div>\n<\/div>\n","protected":false},"excerpt":{"rendered":"","protected":false},"author":1,"featured_media":0,"parent":0,"menu_order":0,"comment_status":"closed","ping_status":"closed","template":"","meta":{"csco_singular_sidebar":"disabled","csco_page_header_type":"default","csco_appearance_masonry":"","csco_page_load_nextpost":"","csco_post_video_location":[],"csco_post_video_location_hash":"","csco_post_video_url":"","csco_post_video_bg_start_time":0,"csco_post_video_bg_end_time":0,"footnotes":""},"class_list":{"0":"post-2279","1":"page","2":"type-page","3":"status-publish","5":"cs-entry","6":"cs-video-wrap"},"yoast_head":"<!-- This site is optimized with the Yoast SEO plugin v27.4 - https:\/\/yoast.com\/product\/yoast-seo-wordpress\/ -->\n<title>Promo Blocks - LA MARINA BJ<\/title>\n<meta name=\"robots\" content=\"index, follow, max-snippet:-1, max-image-preview:large, max-video-preview:-1\" \/>\n<link rel=\"canonical\" href=\"https:\/\/lamarinabj.com\/index.php\/promo-blocks\/\" \/>\n<meta property=\"og:locale\" content=\"fr_FR\" \/>\n<meta property=\"og:type\" content=\"article\" \/>\n<meta property=\"og:title\" content=\"Promo Blocks - LA MARINA BJ\" \/>\n<meta property=\"og:url\" content=\"https:\/\/lamarinabj.com\/index.php\/promo-blocks\/\" \/>\n<meta property=\"og:site_name\" content=\"LA MARINA BJ\" \/>\n<meta property=\"og:image\" content=\"http:\/\/caards.codesupply.co\/caards\/wp-content\/uploads\/sites\/2\/2022\/06\/demo-image-00001.jpeg\" \/>\n<meta name=\"twitter:card\" content=\"summary_large_image\" \/>\n<meta name=\"twitter:label1\" content=\"Dur\u00e9e de lecture estim\u00e9e\" \/>\n\t<meta name=\"twitter:data1\" content=\"3 minutes\" \/>\n<script type=\"application\/ld+json\" class=\"yoast-schema-graph\">{\"@context\":\"https:\\\/\\\/schema.org\",\"@graph\":[{\"@type\":\"WebPage\",\"@id\":\"https:\\\/\\\/lamarinabj.com\\\/index.php\\\/promo-blocks\\\/\",\"url\":\"https:\\\/\\\/lamarinabj.com\\\/index.php\\\/promo-blocks\\\/\",\"name\":\"Promo Blocks - LA MARINA BJ\",\"isPartOf\":{\"@id\":\"https:\\\/\\\/lamarinabj.com\\\/#website\"},\"primaryImageOfPage\":{\"@id\":\"https:\\\/\\\/lamarinabj.com\\\/index.php\\\/promo-blocks\\\/#primaryimage\"},\"image\":{\"@id\":\"https:\\\/\\\/lamarinabj.com\\\/index.php\\\/promo-blocks\\\/#primaryimage\"},\"thumbnailUrl\":\"http:\\\/\\\/caards.codesupply.co\\\/caards\\\/wp-content\\\/uploads\\\/sites\\\/2\\\/2022\\\/06\\\/demo-image-00001.jpeg\",\"datePublished\":\"2019-12-25T10:00:43+00:00\",\"breadcrumb\":{\"@id\":\"https:\\\/\\\/lamarinabj.com\\\/index.php\\\/promo-blocks\\\/#breadcrumb\"},\"inLanguage\":\"fr-FR\",\"potentialAction\":[{\"@type\":\"ReadAction\",\"target\":[\"https:\\\/\\\/lamarinabj.com\\\/index.php\\\/promo-blocks\\\/\"]}]},{\"@type\":\"ImageObject\",\"inLanguage\":\"fr-FR\",\"@id\":\"https:\\\/\\\/lamarinabj.com\\\/index.php\\\/promo-blocks\\\/#primaryimage\",\"url\":\"http:\\\/\\\/caards.codesupply.co\\\/caards\\\/wp-content\\\/uploads\\\/sites\\\/2\\\/2022\\\/06\\\/demo-image-00001.jpeg\",\"contentUrl\":\"http:\\\/\\\/caards.codesupply.co\\\/caards\\\/wp-content\\\/uploads\\\/sites\\\/2\\\/2022\\\/06\\\/demo-image-00001.jpeg\"},{\"@type\":\"BreadcrumbList\",\"@id\":\"https:\\\/\\\/lamarinabj.com\\\/index.php\\\/promo-blocks\\\/#breadcrumb\",\"itemListElement\":[{\"@type\":\"ListItem\",\"position\":1,\"name\":\"Accueil\",\"item\":\"https:\\\/\\\/lamarinabj.com\\\/\"},{\"@type\":\"ListItem\",\"position\":2,\"name\":\"Promo Blocks\"}]},{\"@type\":\"WebSite\",\"@id\":\"https:\\\/\\\/lamarinabj.com\\\/#website\",\"url\":\"https:\\\/\\\/lamarinabj.com\\\/\",\"name\":\"LA MARINA BJ\",\"description\":\"Votre portail vers l&#039;information strat\u00e9gique au B\u00e9nin, en Afrique et au-del\u00e0\",\"potentialAction\":[{\"@type\":\"SearchAction\",\"target\":{\"@type\":\"EntryPoint\",\"urlTemplate\":\"https:\\\/\\\/lamarinabj.com\\\/?s={search_term_string}\"},\"query-input\":{\"@type\":\"PropertyValueSpecification\",\"valueRequired\":true,\"valueName\":\"search_term_string\"}}],\"inLanguage\":\"fr-FR\"}]}<\/script>\n<!-- \/ Yoast SEO plugin. -->","yoast_head_json":{"title":"Promo Blocks - LA MARINA BJ","robots":{"index":"index","follow":"follow","max-snippet":"max-snippet:-1","max-image-preview":"max-image-preview:large","max-video-preview":"max-video-preview:-1"},"canonical":"https:\/\/lamarinabj.com\/index.php\/promo-blocks\/","og_locale":"fr_FR","og_type":"article","og_title":"Promo Blocks - LA MARINA BJ","og_url":"https:\/\/lamarinabj.com\/index.php\/promo-blocks\/","og_site_name":"LA MARINA BJ","og_image":[{"url":"http:\/\/caards.codesupply.co\/caards\/wp-content\/uploads\/sites\/2\/2022\/06\/demo-image-00001.jpeg","type":"","width":"","height":""}],"twitter_card":"summary_large_image","twitter_misc":{"Dur\u00e9e de lecture estim\u00e9e":"3 minutes"},"schema":{"@context":"https:\/\/schema.org","@graph":[{"@type":"WebPage","@id":"https:\/\/lamarinabj.com\/index.php\/promo-blocks\/","url":"https:\/\/lamarinabj.com\/index.php\/promo-blocks\/","name":"Promo Blocks - LA MARINA BJ","isPartOf":{"@id":"https:\/\/lamarinabj.com\/#website"},"primaryImageOfPage":{"@id":"https:\/\/lamarinabj.com\/index.php\/promo-blocks\/#primaryimage"},"image":{"@id":"https:\/\/lamarinabj.com\/index.php\/promo-blocks\/#primaryimage"},"thumbnailUrl":"http:\/\/caards.codesupply.co\/caards\/wp-content\/uploads\/sites\/2\/2022\/06\/demo-image-00001.jpeg","datePublished":"2019-12-25T10:00:43+00:00","breadcrumb":{"@id":"https:\/\/lamarinabj.com\/index.php\/promo-blocks\/#breadcrumb"},"inLanguage":"fr-FR","potentialAction":[{"@type":"ReadAction","target":["https:\/\/lamarinabj.com\/index.php\/promo-blocks\/"]}]},{"@type":"ImageObject","inLanguage":"fr-FR","@id":"https:\/\/lamarinabj.com\/index.php\/promo-blocks\/#primaryimage","url":"http:\/\/caards.codesupply.co\/caards\/wp-content\/uploads\/sites\/2\/2022\/06\/demo-image-00001.jpeg","contentUrl":"http:\/\/caards.codesupply.co\/caards\/wp-content\/uploads\/sites\/2\/2022\/06\/demo-image-00001.jpeg"},{"@type":"BreadcrumbList","@id":"https:\/\/lamarinabj.com\/index.php\/promo-blocks\/#breadcrumb","itemListElement":[{"@type":"ListItem","position":1,"name":"Accueil","item":"https:\/\/lamarinabj.com\/"},{"@type":"ListItem","position":2,"name":"Promo Blocks"}]},{"@type":"WebSite","@id":"https:\/\/lamarinabj.com\/#website","url":"https:\/\/lamarinabj.com\/","name":"LA MARINA BJ","description":"Votre portail vers l&#039;information strat\u00e9gique au B\u00e9nin, en Afrique et au-del\u00e0","potentialAction":[{"@type":"SearchAction","target":{"@type":"EntryPoint","urlTemplate":"https:\/\/lamarinabj.com\/?s={search_term_string}"},"query-input":{"@type":"PropertyValueSpecification","valueRequired":true,"valueName":"search_term_string"}}],"inLanguage":"fr-FR"}]}},"_links":{"self":[{"href":"https:\/\/lamarinabj.com\/index.php\/wp-json\/wp\/v2\/pages\/2279","targetHints":{"allow":["GET"]}}],"collection":[{"href":"https:\/\/lamarinabj.com\/index.php\/wp-json\/wp\/v2\/pages"}],"about":[{"href":"https:\/\/lamarinabj.com\/index.php\/wp-json\/wp\/v2\/types\/page"}],"author":[{"embeddable":true,"href":"https:\/\/lamarinabj.com\/index.php\/wp-json\/wp\/v2\/users\/1"}],"replies":[{"embeddable":true,"href":"https:\/\/lamarinabj.com\/index.php\/wp-json\/wp\/v2\/comments?post=2279"}],"version-history":[{"count":0,"href":"https:\/\/lamarinabj.com\/index.php\/wp-json\/wp\/v2\/pages\/2279\/revisions"}],"wp:attachment":[{"href":"https:\/\/lamarinabj.com\/index.php\/wp-json\/wp\/v2\/media?parent=2279"}],"curies":[{"name":"wp","href":"https:\/\/api.w.org\/{rel}","templated":true}]}}